{"id":37,"date":"2024-05-10T18:00:13","date_gmt":"2024-05-10T18:00:13","guid":{"rendered":"https:\/\/ffa-microsite-98.mystagingwebsite.com\/?page_id=37"},"modified":"2025-09-16T12:41:12","modified_gmt":"2025-09-16T16:41:12","slug":"contact-us","status":"publish","type":"page","link":"https:\/\/indiana.growwithus.ag\/es\/contact-us\/","title":{"rendered":"Contacte con nosotros"},"content":{"rendered":"\t\t<div data-elementor-type=\"wp-page\" data-elementor-id=\"37\" class=\"elementor elementor-37\" data-elementor-post-type=\"page\">\n\t\t\t\t<div class=\"elementor-element elementor-element-d6a8bb7 e-flex e-con-boxed e-con e-parent\" data-id=\"d6a8bb7\" data-element_type=\"container\" data-e-type=\"container\" data-settings=\"{&quot;background_background&quot;:&quot;classic&quot;}\">\n\t\t\t\t\t<div class=\"e-con-inner\">\n\t\t<div class=\"elementor-element elementor-element-4905222 e-flex e-con-boxed e-con e-child\" data-id=\"4905222\" data-element_type=\"container\" data-e-type=\"container\">\n\t\t\t\t\t<div class=\"e-con-inner\">\n\t\t\t\t<div class=\"elementor-element elementor-element-0318caf elementor-widget__width-initial elementor-widget-mobile__width-auto animated-slow elementor-invisible elementor-widget elementor-widget-heading\" data-id=\"0318caf\" data-element_type=\"widget\" data-e-type=\"widget\" data-settings=\"{&quot;_animation&quot;:&quot;fadeIn&quot;,&quot;_animation_delay&quot;:100}\" data-widget_type=\"heading.default\">\n\t\t\t\t<div class=\"elementor-widget-container\">\n\t\t\t\t\t<h1 class=\"elementor-heading-title elementor-size-default\">Contact Us<\/h1>\t\t\t\t<\/div>\n\t\t\t\t<\/div>\n\t\t\t\t<div class=\"elementor-element elementor-element-37d2495 elementor-widget elementor-widget-heading\" data-id=\"37d2495\" data-element_type=\"widget\" data-e-type=\"widget\" data-widget_type=\"heading.default\">\n\t\t\t\t<div class=\"elementor-widget-container\">\n\t\t\t\t\t<h2 class=\"elementor-heading-title elementor-size-default\">Keep in Touch<\/h2>\t\t\t\t<\/div>\n\t\t\t\t<\/div>\n\t\t\t\t<div class=\"elementor-element elementor-element-012bf3a elementor-widget__width-auto elementor-absolute elementor-hidden-mobile elementor-widget elementor-widget-image\" data-id=\"012bf3a\" data-element_type=\"widget\" data-e-type=\"widget\" data-settings=\"{&quot;_position&quot;:&quot;absolute&quot;}\" data-widget_type=\"image.default\">\n\t\t\t\t<div class=\"elementor-widget-container\">\n\t\t\t\t\t\t\t\t\t\t\t\t\t\t\t<img decoding=\"async\" width=\"334\" height=\"126\" src=\"https:\/\/indiana.growwithus.ag\/wp-content\/uploads\/2024\/05\/FFA-Patterns_Dots_White-3.png\" class=\"attachment-large size-large wp-image-696\" alt=\"\" srcset=\"https:\/\/indiana.growwithus.ag\/wp-content\/uploads\/2024\/05\/FFA-Patterns_Dots_White-3.png 334w, https:\/\/indiana.growwithus.ag\/wp-content\/uploads\/2024\/05\/FFA-Patterns_Dots_White-3-300x113.png 300w\" sizes=\"(max-width: 334px) 100vw, 334px\" \/>\t\t\t\t\t\t\t\t\t\t\t\t\t\t\t<\/div>\n\t\t\t\t<\/div>\n\t\t\t\t\t<\/div>\n\t\t\t\t<\/div>\n\t\t\t\t\t<\/div>\n\t\t\t\t<\/div>\n\t\t<div class=\"elementor-element elementor-element-48b98fd e-con-full e-flex e-con e-parent\" data-id=\"48b98fd\" data-element_type=\"container\" data-e-type=\"container\">\n\t\t<div class=\"elementor-element elementor-element-cdaa49f e-con-full e-flex e-con e-child\" data-id=\"cdaa49f\" data-element_type=\"container\" data-e-type=\"container\">\n\t\t<div class=\"elementor-element elementor-element-8087380 e-flex e-con-boxed e-con e-child\" data-id=\"8087380\" data-element_type=\"container\" data-e-type=\"container\" data-settings=\"{&quot;background_background&quot;:&quot;classic&quot;}\">\n\t\t\t\t\t<div class=\"e-con-inner\">\n\t\t\t\t<div class=\"elementor-element elementor-element-876e2fe elementor-widget elementor-widget-text-editor\" data-id=\"876e2fe\" data-element_type=\"widget\" data-e-type=\"widget\" data-widget_type=\"text-editor.default\">\n\t\t\t\t<div class=\"elementor-widget-container\">\n\t\t\t\t\t\t\t\t\t<p><span style=\"white-space-collapse: preserve;\">If you have questions about FFA or agricultural education, please use this form to reach out.\u00a0<\/span><\/p>\t\t\t\t\t\t\t\t<\/div>\n\t\t\t\t<\/div>\n\t\t\t\t<div class=\"elementor-element elementor-element-62cf604 elementor-widget__width-initial contact-form elementor-button-align-stretch elementor-invisible elementor-widget elementor-widget-form\" data-id=\"62cf604\" data-element_type=\"widget\" data-e-type=\"widget\" data-settings=\"{&quot;step_next_label&quot;:&quot;Next&quot;,&quot;step_previous_label&quot;:&quot;Previous&quot;,&quot;_animation&quot;:&quot;fadeIn&quot;,&quot;button_width&quot;:&quot;100&quot;,&quot;step_type&quot;:&quot;number_text&quot;,&quot;step_icon_shape&quot;:&quot;circle&quot;}\" data-widget_type=\"form.default\">\n\t\t\t\t<div class=\"elementor-widget-container\">\n\t\t\t\t\t\t\t<form class=\"elementor-form\" method=\"post\" name=\"Contact Us\" aria-label=\"Contact Us\">\n\t\t\t<input type=\"hidden\" name=\"post_id\" value=\"37\"\/>\n\t\t\t<input type=\"hidden\" name=\"form_id\" value=\"62cf604\"\/>\n\t\t\t<input type=\"hidden\" name=\"referer_title\" value=\"Contact Us - Grow With Us\" \/>\n\n\t\t\t\t\t\t\t<input type=\"hidden\" name=\"queried_id\" value=\"37\"\/>\n\t\t\t\n\t\t\t<div class=\"elementor-form-fields-wrapper elementor-labels-above\">\n\t\t\t\t\t\t\t\t<div class=\"elementor-field-type-text elementor-field-group elementor-column elementor-field-group-name elementor-col-100\">\n\t\t\t\t\t\t\t\t\t\t\t\t<label for=\"form-field-name\" class=\"elementor-field-label\">\n\t\t\t\t\t\t\t\tNAME\t\t\t\t\t\t\t<\/label>\n\t\t\t\t\t\t\t\t\t\t\t\t\t\t<input size=\"1\" type=\"text\" name=\"form_fields[name]\" id=\"form-field-name\" class=\"elementor-field elementor-size-sm  elementor-field-textual\" placeholder=\"Name\">\n\t\t\t\t\t\t\t\t\t\t\t<\/div>\n\t\t\t\t\t\t\t\t<div class=\"elementor-field-type-email elementor-field-group elementor-column elementor-field-group-email elementor-col-100 elementor-field-required\">\n\t\t\t\t\t\t\t\t\t\t\t\t<label for=\"form-field-email\" class=\"elementor-field-label\">\n\t\t\t\t\t\t\t\tEMAIL ADDRESS\t\t\t\t\t\t\t<\/label>\n\t\t\t\t\t\t\t\t\t\t\t\t\t\t<input size=\"1\" type=\"email\" name=\"form_fields[email]\" id=\"form-field-email\" class=\"elementor-field elementor-size-sm  elementor-field-textual\" placeholder=\"email@address.com\" required=\"required\">\n\t\t\t\t\t\t\t\t\t\t\t<\/div>\n\t\t\t\t\t\t\t\t<div class=\"elementor-field-type-textarea elementor-field-group elementor-column elementor-field-group-field_c8fc67c elementor-col-100\">\n\t\t\t\t\t\t\t\t\t\t\t\t<label for=\"form-field-field_c8fc67c\" class=\"elementor-field-label\">\n\t\t\t\t\t\t\t\tMESSAGE\t\t\t\t\t\t\t<\/label>\n\t\t\t\t\t\t<textarea class=\"elementor-field-textual elementor-field  elementor-size-sm\" name=\"form_fields[field_c8fc67c]\" id=\"form-field-field_c8fc67c\" rows=\"6\" placeholder=\"Type your message here\"><\/textarea>\t\t\t\t<\/div>\n\t\t\t\t\t\t\t\t<div class=\"elementor-field-group elementor-column elementor-field-type-submit elementor-col-100 e-form__buttons\">\n\t\t\t\t\t<button class=\"elementor-button elementor-size-sm\" type=\"submit\">\n\t\t\t\t\t\t<span class=\"elementor-button-content-wrapper\">\n\t\t\t\t\t\t\t\t\t\t\t\t\t\t\t\t\t\t\t\t\t\t<span class=\"elementor-button-text\">Send<\/span>\n\t\t\t\t\t\t\t\t\t\t\t\t\t<\/span>\n\t\t\t\t\t<\/button>\n\t\t\t\t<\/div>\n\t\t\t<\/div>\n\t\t<\/form>\n\t\t\t\t\t\t<\/div>\n\t\t\t\t<\/div>\n\t\t\t\t\t<\/div>\n\t\t\t\t<\/div>\n\t\t<div class=\"elementor-element elementor-element-dfbb2c3 e-flex e-con-boxed e-con e-child\" data-id=\"dfbb2c3\" data-element_type=\"container\" data-e-type=\"container\" data-settings=\"{&quot;background_background&quot;:&quot;classic&quot;}\">\n\t\t\t\t\t<div class=\"e-con-inner\">\n\t\t\t\t\t<\/div>\n\t\t\t\t<\/div>\n\t\t\t\t<\/div>\n\t\t<div class=\"elementor-element elementor-element-5705430 e-con-full e-flex e-con e-child\" data-id=\"5705430\" data-element_type=\"container\" data-e-type=\"container\" data-settings=\"{&quot;background_background&quot;:&quot;classic&quot;}\">\n\t\t<div class=\"elementor-element elementor-element-68e311a e-flex e-con-boxed e-con e-child\" data-id=\"68e311a\" data-element_type=\"container\" data-e-type=\"container\" data-settings=\"{&quot;background_background&quot;:&quot;classic&quot;}\">\n\t\t\t\t\t<div class=\"e-con-inner\">\n\t\t\t\t<div class=\"elementor-element elementor-element-68a4800 elementor-widget elementor-widget-text-editor\" data-id=\"68a4800\" data-element_type=\"widget\" data-e-type=\"widget\" data-widget_type=\"text-editor.default\">\n\t\t\t\t<div class=\"elementor-widget-container\">\n\t\t\t\t\t\t\t\t\t<p>You can also contact us directly at:<\/p>\t\t\t\t\t\t\t\t<\/div>\n\t\t\t\t<\/div>\n\t\t<div class=\"elementor-element elementor-element-48db0dc animated-slow e-flex e-con-boxed elementor-invisible e-con e-child\" data-id=\"48db0dc\" data-element_type=\"container\" data-e-type=\"container\" data-settings=\"{&quot;animation&quot;:&quot;fadeIn&quot;,&quot;animation_delay&quot;:100}\">\n\t\t\t\t\t<div class=\"e-con-inner\">\n\t\t<div class=\"elementor-element elementor-element-aaf79f3 e-con-full e-flex e-con e-child\" data-id=\"aaf79f3\" data-element_type=\"container\" data-e-type=\"container\">\n\t\t\t\t<div class=\"elementor-element elementor-element-068f81c elementor-widget__width-initial elementor-widget elementor-widget-image\" data-id=\"068f81c\" data-element_type=\"widget\" data-e-type=\"widget\" data-widget_type=\"image.default\">\n\t\t\t\t<div class=\"elementor-widget-container\">\n\t\t\t\t\t\t\t\t\t\t\t\t\t\t\t<img decoding=\"async\" width=\"77\" height=\"62\" src=\"https:\/\/indiana.growwithus.ag\/wp-content\/uploads\/2024\/05\/icon-plant-w.png\" class=\"attachment-full size-full wp-image-852\" alt=\"\" \/>\t\t\t\t\t\t\t\t\t\t\t\t\t\t\t<\/div>\n\t\t\t\t<\/div>\n\t\t\t\t<\/div>\n\t\t\t\t<div class=\"elementor-element elementor-element-ae43fe0 elementor-widget elementor-widget-heading\" data-id=\"ae43fe0\" data-element_type=\"widget\" data-e-type=\"widget\" data-widget_type=\"heading.default\">\n\t\t\t\t<div class=\"elementor-widget-container\">\n\t\t\t\t\t<h2 class=\"elementor-heading-title elementor-size-default\"><b>Kimberly Bellah<\/b><br><i>National FFA Central Region State Relations Specialist<\/i><br><b>kbellah@ffa.org\u2028<br>270-978-7921<\/b><\/h2>\t\t\t\t<\/div>\n\t\t\t\t<\/div>\n\t\t\t\t\t<\/div>\n\t\t\t\t<\/div>\n\t\t<div class=\"elementor-element elementor-element-0f2281b animated-slow e-flex e-con-boxed elementor-invisible e-con e-child\" data-id=\"0f2281b\" data-element_type=\"container\" data-e-type=\"container\" data-settings=\"{&quot;animation&quot;:&quot;fadeIn&quot;,&quot;animation_delay&quot;:100}\">\n\t\t\t\t\t<div class=\"e-con-inner\">\n\t\t<div class=\"elementor-element elementor-element-485d811 e-con-full e-flex e-con e-child\" data-id=\"485d811\" data-element_type=\"container\" data-e-type=\"container\">\n\t\t\t\t<div class=\"elementor-element elementor-element-f933e97 elementor-widget__width-initial elementor-widget elementor-widget-image\" data-id=\"f933e97\" data-element_type=\"widget\" data-e-type=\"widget\" data-widget_type=\"image.default\">\n\t\t\t\t<div class=\"elementor-widget-container\">\n\t\t\t\t\t\t\t\t\t\t\t\t\t\t\t<img decoding=\"async\" width=\"77\" height=\"63\" src=\"https:\/\/indiana.growwithus.ag\/wp-content\/uploads\/2024\/05\/icon-owl-w.png\" class=\"attachment-full size-full wp-image-850\" alt=\"\" \/>\t\t\t\t\t\t\t\t\t\t\t\t\t\t\t<\/div>\n\t\t\t\t<\/div>\n\t\t\t\t<\/div>\n\t\t\t\t<div class=\"elementor-element elementor-element-c6a630e elementor-widget elementor-widget-heading\" data-id=\"c6a630e\" data-element_type=\"widget\" data-e-type=\"widget\" data-widget_type=\"heading.default\">\n\t\t\t\t<div class=\"elementor-widget-container\">\n\t\t\t\t\t<h2 class=\"elementor-heading-title elementor-size-default\"><b>Tami Neighbors Ketchen<\/b><br><i>Executive Director Indiana FFA<\/i><br><b>TKetchen@isda.in.gov\u2028<br>317-690-3133<\/b><\/h2>\t\t\t\t<\/div>\n\t\t\t\t<\/div>\n\t\t\t\t\t<\/div>\n\t\t\t\t<\/div>\n\t\t\t\t\t<\/div>\n\t\t\t\t<\/div>\n\t\t<div class=\"elementor-element elementor-element-5cb95b4 e-con-full e-flex e-con e-child\" data-id=\"5cb95b4\" data-element_type=\"container\" data-e-type=\"container\">\n\t\t\t\t<div class=\"elementor-element elementor-element-17462d3 elementor-widget__width-initial elementor-invisible elementor-widget elementor-widget-heading\" data-id=\"17462d3\" data-element_type=\"widget\" data-e-type=\"widget\" data-settings=\"{&quot;_animation&quot;:&quot;fadeInDown&quot;}\" data-widget_type=\"heading.default\">\n\t\t\t\t<div class=\"elementor-widget-container\">\n\t\t\t\t\t<h2 class=\"elementor-heading-title elementor-size-default\">Subscribe for <span>Updates<\/span><\/h2>\t\t\t\t<\/div>\n\t\t\t\t<\/div>\n\t\t\t\t<div class=\"elementor-element elementor-element-5a12b9b elementor-widget__width-initial elementor-button-align-stretch elementor-invisible elementor-widget elementor-widget-form\" data-id=\"5a12b9b\" data-element_type=\"widget\" data-e-type=\"widget\" data-settings=\"{&quot;step_next_label&quot;:&quot;Next&quot;,&quot;step_previous_label&quot;:&quot;Previous&quot;,&quot;_animation&quot;:&quot;fadeIn&quot;,&quot;button_width&quot;:&quot;100&quot;,&quot;step_type&quot;:&quot;number_text&quot;,&quot;step_icon_shape&quot;:&quot;circle&quot;}\" data-widget_type=\"form.default\">\n\t\t\t\t<div class=\"elementor-widget-container\">\n\t\t\t\t\t\t\t<form class=\"elementor-form\" method=\"post\" name=\"New Form\" aria-label=\"New Form\">\n\t\t\t<input type=\"hidden\" name=\"post_id\" value=\"37\"\/>\n\t\t\t<input type=\"hidden\" name=\"form_id\" value=\"5a12b9b\"\/>\n\t\t\t<input type=\"hidden\" name=\"referer_title\" value=\"Contact Us - Grow With Us\" \/>\n\n\t\t\t\t\t\t\t<input type=\"hidden\" name=\"queried_id\" value=\"37\"\/>\n\t\t\t\n\t\t\t<div class=\"elementor-form-fields-wrapper elementor-labels-above\">\n\t\t\t\t\t\t\t\t<div class=\"elementor-field-type-text elementor-field-group elementor-column elementor-field-group-name elementor-col-100\">\n\t\t\t\t\t\t\t\t\t\t\t\t<label for=\"form-field-name\" class=\"elementor-field-label\">\n\t\t\t\t\t\t\t\tNAME\t\t\t\t\t\t\t<\/label>\n\t\t\t\t\t\t\t\t\t\t\t\t\t\t<input size=\"1\" type=\"text\" name=\"form_fields[name]\" id=\"form-field-name\" class=\"elementor-field elementor-size-sm  elementor-field-textual\" placeholder=\"Name\">\n\t\t\t\t\t\t\t\t\t\t\t<\/div>\n\t\t\t\t\t\t\t\t<div class=\"elementor-field-type-email elementor-field-group elementor-column elementor-field-group-email elementor-col-100 elementor-field-required\">\n\t\t\t\t\t\t\t\t\t\t\t\t<label for=\"form-field-email\" class=\"elementor-field-label\">\n\t\t\t\t\t\t\t\tEMAIL ADDRESS\t\t\t\t\t\t\t<\/label>\n\t\t\t\t\t\t\t\t\t\t\t\t\t\t<input size=\"1\" type=\"email\" name=\"form_fields[email]\" id=\"form-field-email\" class=\"elementor-field elementor-size-sm  elementor-field-textual\" placeholder=\"email@address.com\" required=\"required\">\n\t\t\t\t\t\t\t\t\t\t\t<\/div>\n\t\t\t\t\t\t\t\t<div class=\"elementor-field-type-radio elementor-field-group elementor-column elementor-field-group-field_804688c elementor-col-50\">\n\t\t\t\t\t\t\t\t\t\t\t\t<label for=\"form-field-field_804688c\" class=\"elementor-field-label\">\n\t\t\t\t\t\t\t\tSelect your role\t\t\t\t\t\t\t<\/label>\n\t\t\t\t\t\t<div class=\"elementor-field-subgroup  \"><span class=\"elementor-field-option\"><input type=\"radio\" value=\"Parent\" id=\"form-field-field_804688c-0\" name=\"form_fields[field_804688c]\"> <label for=\"form-field-field_804688c-0\">Parent<\/label><\/span><span class=\"elementor-field-option\"><input type=\"radio\" value=\"Student\" id=\"form-field-field_804688c-1\" name=\"form_fields[field_804688c]\"> <label for=\"form-field-field_804688c-1\">Student<\/label><\/span><span class=\"elementor-field-option\"><input type=\"radio\" value=\"Teacher\" id=\"form-field-field_804688c-2\" name=\"form_fields[field_804688c]\"> <label for=\"form-field-field_804688c-2\">Teacher<\/label><\/span><span class=\"elementor-field-option\"><input type=\"radio\" value=\"Administrator\" id=\"form-field-field_804688c-3\" name=\"form_fields[field_804688c]\"> <label for=\"form-field-field_804688c-3\">Administrator<\/label><\/span><\/div>\t\t\t\t<\/div>\n\t\t\t\t\t\t\t\t<div class=\"elementor-field-group elementor-column elementor-field-type-submit elementor-col-100 e-form__buttons\">\n\t\t\t\t\t<button class=\"elementor-button elementor-size-sm\" type=\"submit\">\n\t\t\t\t\t\t<span class=\"elementor-button-content-wrapper\">\n\t\t\t\t\t\t\t\t\t\t\t\t\t\t\t\t\t\t\t\t\t\t<span class=\"elementor-button-text\">Subscribe<\/span>\n\t\t\t\t\t\t\t\t\t\t\t\t\t<\/span>\n\t\t\t\t\t<\/button>\n\t\t\t\t<\/div>\n\t\t\t<\/div>\n\t\t<\/form>\n\t\t\t\t\t\t<\/div>\n\t\t\t\t<\/div>\n\t\t\t\t<\/div>\n\t\t\t\t<\/div>\n\t\t\t\t<\/div>\n\t\t\t\t<\/div>\n\t\t","protected":false},"excerpt":{"rendered":"<p>Contacto Mant\u00e9ngase en contacto Si tiene alguna pregunta sobre la FFA o la educaci\u00f3n agr\u00edcola, utilice este formulario para ponerse en contacto con nosotros.  Tambi\u00e9n puede contactarnos directamente a Kimberly BellahRelaciones Estatales de la Regi\u00f3n Central de la FFA Nacional Specialistkbellah@ffa.org 270-978-7921 Tami Neighbors KetchenDirectora Ejecutiva Indiana FFATKetchen@isda.in.gov 317-690-3133 Suscr\u00edbase para recibir actualizaciones<\/p>","protected":false},"author":2,"featured_media":0,"parent":0,"menu_order":0,"comment_status":"closed","ping_status":"closed","template":"","meta":{"_acf_changed":false,"footnotes":""},"class_list":["post-37","page","type-page","status-publish","hentry"],"acf":[],"yoast_head":"<!-- This site is optimized with the Yoast SEO plugin v27.0 - https:\/\/yoast.com\/product\/yoast-seo-wordpress\/ -->\n<title>Contact Us - Grow With Us<\/title>\n<meta name=\"robots\" content=\"index, follow, max-snippet:-1, max-image-preview:large, max-video-preview:-1\" \/>\n<link rel=\"canonical\" href=\"https:\/\/indiana.growwithus.ag\/es\/contact-us\/\" \/>\n<meta property=\"og:locale\" content=\"es_MX\" \/>\n<meta property=\"og:type\" content=\"article\" \/>\n<meta property=\"og:title\" content=\"Contact Us - Grow With Us\" \/>\n<meta property=\"og:description\" content=\"Contact Us Keep in Touch If you have questions about FFA or agricultural education, please use this form to reach out.\u00a0 You can also contact us directly at: Kimberly BellahNational FFA Central Region State Relations Specialistkbellah@ffa.org\u2028270-978-7921 Tami Neighbors KetchenExecutive Director Indiana FFATKetchen@isda.in.gov\u2028317-690-3133 Subscribe for Updates\" \/>\n<meta property=\"og:url\" content=\"https:\/\/indiana.growwithus.ag\/es\/contact-us\/\" \/>\n<meta property=\"og:site_name\" content=\"Grow With Us\" \/>\n<meta property=\"article:modified_time\" content=\"2025-09-16T16:41:12+00:00\" \/>\n<meta property=\"og:image\" content=\"https:\/\/indiana.growwithus.ag\/wp-content\/uploads\/2024\/05\/FFA-Patterns_Dots_White-3.png\" \/>\n\t<meta property=\"og:image:width\" content=\"334\" \/>\n\t<meta property=\"og:image:height\" content=\"126\" \/>\n\t<meta property=\"og:image:type\" content=\"image\/png\" \/>\n<meta name=\"twitter:card\" content=\"summary_large_image\" \/>\n<meta name=\"twitter:label1\" content=\"Est. reading time\" \/>\n\t<meta name=\"twitter:data1\" content=\"1 minuto\" \/>\n<script type=\"application\/ld+json\" class=\"yoast-schema-graph\">{\"@context\":\"https:\/\/schema.org\",\"@graph\":[{\"@type\":\"WebPage\",\"@id\":\"https:\/\/indiana.growwithus.ag\/contact-us\/\",\"url\":\"https:\/\/indiana.growwithus.ag\/contact-us\/\",\"name\":\"Contact Us - Grow With Us\",\"isPartOf\":{\"@id\":\"https:\/\/indiana.growwithus.ag\/#website\"},\"primaryImageOfPage\":{\"@id\":\"https:\/\/indiana.growwithus.ag\/contact-us\/#primaryimage\"},\"image\":{\"@id\":\"https:\/\/indiana.growwithus.ag\/contact-us\/#primaryimage\"},\"thumbnailUrl\":\"https:\/\/indiana.growwithus.ag\/wp-content\/uploads\/2024\/05\/FFA-Patterns_Dots_White-3.png\",\"datePublished\":\"2024-05-10T18:00:13+00:00\",\"dateModified\":\"2025-09-16T16:41:12+00:00\",\"breadcrumb\":{\"@id\":\"https:\/\/indiana.growwithus.ag\/contact-us\/#breadcrumb\"},\"inLanguage\":\"es-MX\",\"potentialAction\":[{\"@type\":\"ReadAction\",\"target\":[\"https:\/\/indiana.growwithus.ag\/contact-us\/\"]}]},{\"@type\":\"ImageObject\",\"inLanguage\":\"es-MX\",\"@id\":\"https:\/\/indiana.growwithus.ag\/contact-us\/#primaryimage\",\"url\":\"https:\/\/indiana.growwithus.ag\/wp-content\/uploads\/2024\/05\/FFA-Patterns_Dots_White-3.png\",\"contentUrl\":\"https:\/\/indiana.growwithus.ag\/wp-content\/uploads\/2024\/05\/FFA-Patterns_Dots_White-3.png\"},{\"@type\":\"BreadcrumbList\",\"@id\":\"https:\/\/indiana.growwithus.ag\/contact-us\/#breadcrumb\",\"itemListElement\":[{\"@type\":\"ListItem\",\"position\":1,\"name\":\"Home\",\"item\":\"https:\/\/indiana.growwithus.ag\/\"},{\"@type\":\"ListItem\",\"position\":2,\"name\":\"Contact Us\"}]},{\"@type\":\"WebSite\",\"@id\":\"https:\/\/indiana.growwithus.ag\/#website\",\"url\":\"https:\/\/indiana.growwithus.ag\/\",\"name\":\"Grow With Us\",\"description\":\"The strategy forms a foundation for positioning FFA in the minds of those whom we need to reach. It\u2019s a valuable resource that we should refer to for marketing, communications, campaigns, and fundraising initiatives. In short, it\u2019s the blueprint for building a compelling and authentic brand.\",\"publisher\":{\"@id\":\"https:\/\/indiana.growwithus.ag\/#organization\"},\"potentialAction\":[{\"@type\":\"SearchAction\",\"target\":{\"@type\":\"EntryPoint\",\"urlTemplate\":\"https:\/\/indiana.growwithus.ag\/?s={search_term_string}\"},\"query-input\":{\"@type\":\"PropertyValueSpecification\",\"valueRequired\":true,\"valueName\":\"search_term_string\"}}],\"inLanguage\":\"es-MX\"},{\"@type\":\"Organization\",\"@id\":\"https:\/\/indiana.growwithus.ag\/#organization\",\"name\":\"Grow With Us\",\"url\":\"https:\/\/indiana.growwithus.ag\/\",\"logo\":{\"@type\":\"ImageObject\",\"inLanguage\":\"es-MX\",\"@id\":\"https:\/\/indiana.growwithus.ag\/#\/schema\/logo\/image\/\",\"url\":\"https:\/\/indiana.growwithus.ag\/wp-content\/uploads\/2024\/05\/GrowWithUs_FFA_GrowWithUs_White.svg\",\"contentUrl\":\"https:\/\/indiana.growwithus.ag\/wp-content\/uploads\/2024\/05\/GrowWithUs_FFA_GrowWithUs_White.svg\",\"width\":480,\"height\":330,\"caption\":\"Grow With Us\"},\"image\":{\"@id\":\"https:\/\/indiana.growwithus.ag\/#\/schema\/logo\/image\/\"}}]}<\/script>\n<!-- \/ Yoast SEO plugin. -->","yoast_head_json":{"title":"Cont\u00e1ctenos - Crece con nosotros","robots":{"index":"index","follow":"follow","max-snippet":"max-snippet:-1","max-image-preview":"max-image-preview:large","max-video-preview":"max-video-preview:-1"},"canonical":"https:\/\/indiana.growwithus.ag\/es\/contact-us\/","og_locale":"es_MX","og_type":"article","og_title":"Contact Us - Grow With Us","og_description":"Contact Us Keep in Touch If you have questions about FFA or agricultural education, please use this form to reach out.\u00a0 You can also contact us directly at: Kimberly BellahNational FFA Central Region State Relations Specialistkbellah@ffa.org\u2028270-978-7921 Tami Neighbors KetchenExecutive Director Indiana FFATKetchen@isda.in.gov\u2028317-690-3133 Subscribe for Updates","og_url":"https:\/\/indiana.growwithus.ag\/es\/contact-us\/","og_site_name":"Grow With Us","article_modified_time":"2025-09-16T16:41:12+00:00","og_image":[{"width":334,"height":126,"url":"https:\/\/indiana.growwithus.ag\/wp-content\/uploads\/2024\/05\/FFA-Patterns_Dots_White-3.png","type":"image\/png"}],"twitter_card":"summary_large_image","twitter_misc":{"Est. reading time":"1 minuto"},"schema":{"@context":"https:\/\/schema.org","@graph":[{"@type":"WebPage","@id":"https:\/\/indiana.growwithus.ag\/contact-us\/","url":"https:\/\/indiana.growwithus.ag\/contact-us\/","name":"Cont\u00e1ctenos - Crece con nosotros","isPartOf":{"@id":"https:\/\/indiana.growwithus.ag\/#website"},"primaryImageOfPage":{"@id":"https:\/\/indiana.growwithus.ag\/contact-us\/#primaryimage"},"image":{"@id":"https:\/\/indiana.growwithus.ag\/contact-us\/#primaryimage"},"thumbnailUrl":"https:\/\/indiana.growwithus.ag\/wp-content\/uploads\/2024\/05\/FFA-Patterns_Dots_White-3.png","datePublished":"2024-05-10T18:00:13+00:00","dateModified":"2025-09-16T16:41:12+00:00","breadcrumb":{"@id":"https:\/\/indiana.growwithus.ag\/contact-us\/#breadcrumb"},"inLanguage":"es-MX","potentialAction":[{"@type":"ReadAction","target":["https:\/\/indiana.growwithus.ag\/contact-us\/"]}]},{"@type":"ImageObject","inLanguage":"es-MX","@id":"https:\/\/indiana.growwithus.ag\/contact-us\/#primaryimage","url":"https:\/\/indiana.growwithus.ag\/wp-content\/uploads\/2024\/05\/FFA-Patterns_Dots_White-3.png","contentUrl":"https:\/\/indiana.growwithus.ag\/wp-content\/uploads\/2024\/05\/FFA-Patterns_Dots_White-3.png"},{"@type":"BreadcrumbList","@id":"https:\/\/indiana.growwithus.ag\/contact-us\/#breadcrumb","itemListElement":[{"@type":"ListItem","position":1,"name":"Home","item":"https:\/\/indiana.growwithus.ag\/"},{"@type":"ListItem","position":2,"name":"Contact Us"}]},{"@type":"WebSite","@id":"https:\/\/indiana.growwithus.ag\/#website","url":"https:\/\/indiana.growwithus.ag\/","name":"Crece con nosotros","description":"La estrategia constituye una base para posicionar al FFA en la mente de aquellos a quienes necesitamos llegar. Es un recurso valioso al que debemos remitirnos para las iniciativas de marketing, comunicaci\u00f3n, campa\u00f1as y recaudaci\u00f3n de fondos. En resumen, es el proyecto para construir una marca convincente y aut\u00e9ntica.","publisher":{"@id":"https:\/\/indiana.growwithus.ag\/#organization"},"potentialAction":[{"@type":"SearchAction","target":{"@type":"EntryPoint","urlTemplate":"https:\/\/indiana.growwithus.ag\/?s={search_term_string}"},"query-input":{"@type":"PropertyValueSpecification","valueRequired":true,"valueName":"search_term_string"}}],"inLanguage":"es-MX"},{"@type":"Organization","@id":"https:\/\/indiana.growwithus.ag\/#organization","name":"Crece con nosotros","url":"https:\/\/indiana.growwithus.ag\/","logo":{"@type":"ImageObject","inLanguage":"es-MX","@id":"https:\/\/indiana.growwithus.ag\/#\/schema\/logo\/image\/","url":"https:\/\/indiana.growwithus.ag\/wp-content\/uploads\/2024\/05\/GrowWithUs_FFA_GrowWithUs_White.svg","contentUrl":"https:\/\/indiana.growwithus.ag\/wp-content\/uploads\/2024\/05\/GrowWithUs_FFA_GrowWithUs_White.svg","width":480,"height":330,"caption":"Grow With Us"},"image":{"@id":"https:\/\/indiana.growwithus.ag\/#\/schema\/logo\/image\/"}}]}},"_links":{"self":[{"href":"https:\/\/indiana.growwithus.ag\/es\/wp-json\/wp\/v2\/pages\/37","targetHints":{"allow":["GET"]}}],"collection":[{"href":"https:\/\/indiana.growwithus.ag\/es\/wp-json\/wp\/v2\/pages"}],"about":[{"href":"https:\/\/indiana.growwithus.ag\/es\/wp-json\/wp\/v2\/types\/page"}],"author":[{"embeddable":true,"href":"https:\/\/indiana.growwithus.ag\/es\/wp-json\/wp\/v2\/users\/2"}],"replies":[{"embeddable":true,"href":"https:\/\/indiana.growwithus.ag\/es\/wp-json\/wp\/v2\/comments?post=37"}],"version-history":[{"count":80,"href":"https:\/\/indiana.growwithus.ag\/es\/wp-json\/wp\/v2\/pages\/37\/revisions"}],"predecessor-version":[{"id":2401,"href":"https:\/\/indiana.growwithus.ag\/es\/wp-json\/wp\/v2\/pages\/37\/revisions\/2401"}],"wp:attachment":[{"href":"https:\/\/indiana.growwithus.ag\/es\/wp-json\/wp\/v2\/media?parent=37"}],"curies":[{"name":"wp","href":"https:\/\/api.w.org\/{rel}","templated":true}]}}